{"id":14537,"date":"2025-08-05T17:49:12","date_gmt":"2025-08-05T20:49:12","guid":{"rendered":"https:\/\/redelitoralrs.com\/?page_id=14537"},"modified":"2025-08-05T17:49:17","modified_gmt":"2025-08-05T20:49:17","slug":"eventos","status":"publish","type":"page","link":"https:\/\/redelitoralrs.com\/index.php\/eventos\/","title":{"rendered":"Eventos"},"content":{"rendered":"\t\t<div data-elementor-type=\"wp-page\" data-elementor-id=\"14537\" class=\"elementor elementor-14537\">\n\t\t\t\t<div class=\"elementor-element elementor-element-36360d2 e-flex e-con-boxed e-con e-parent\" data-id=\"36360d2\" data-element_type=\"container\" data-e-type=\"container\">\n\t\t\t\t\t<div class=\"e-con-inner\">\n\t\t\t\t<div class=\"elementor-element elementor-element-3e5cebe elementor-widget elementor-widget-shortcode\" data-id=\"3e5cebe\" data-element_type=\"widget\" data-e-type=\"widget\" data-widget_type=\"shortcode.default\">\n\t\t\t\t<div class=\"elementor-widget-container\">\n\t\t\t\t\t\t\t<div class=\"elementor-shortcode\">\n<div class=\"cem-calendario-container\" data-mes=\"4\" data-ano=\"2026\">\n    \n        <div class=\"cem-calendario-header\">\n        <div class=\"cem-navegacao\">\n            <button class=\"cem-nav-btn\" data-direcao=\"anterior\">&lt;<\/button>\n            <h3 class=\"cem-mes-ano\">Abril 2026<\/h3>\n            <button class=\"cem-nav-btn\" data-direcao=\"proximo\">&gt;<\/button>\n        <\/div>\n    <\/div>\n        \n    <div class=\"cem-calendario\">\n        <div class=\"cem-dias-semana\">\n                            <div class=\"cem-dia-semana\">Dom<\/div>\n                            <div class=\"cem-dia-semana\">Seg<\/div>\n                            <div class=\"cem-dia-semana\">Ter<\/div>\n                            <div class=\"cem-dia-semana\">Qua<\/div>\n                            <div class=\"cem-dia-semana\">Qui<\/div>\n                            <div class=\"cem-dia-semana\">Sex<\/div>\n                            <div class=\"cem-dia-semana\">S\u00e1b<\/div>\n                    <\/div>\n        \n        <div class=\"cem-dias-mes\">\n            <div class=\"cem-dia cem-dia-vazio\"><\/div><div class=\"cem-dia cem-dia-vazio\"><\/div><div class=\"cem-dia cem-dia-vazio\"><\/div><div class=\"cem-dia\" data-data=\"2026-04-01\"><span class=\"cem-numero-dia\">1<\/span><div class=\"cem-eventos-dia\"><\/div><\/div><div class=\"cem-dia\" data-data=\"2026-04-02\"><span class=\"cem-numero-dia\">2<\/span><div class=\"cem-eventos-dia\"><\/div><\/div><div class=\"cem-dia\" data-data=\"2026-04-03\"><span class=\"cem-numero-dia\">3<\/span><div class=\"cem-eventos-dia\"><\/div><\/div><div class=\"cem-dia\" data-data=\"2026-04-04\"><span class=\"cem-numero-dia\">4<\/span><div class=\"cem-eventos-dia\"><\/div><\/div><div class=\"cem-dia\" data-data=\"2026-04-05\"><span class=\"cem-numero-dia\">5<\/span><div class=\"cem-eventos-dia\"><\/div><\/div><div class=\"cem-dia\" data-data=\"2026-04-06\"><span class=\"cem-numero-dia\">6<\/span><div class=\"cem-eventos-dia\"><\/div><\/div><div class=\"cem-dia\" data-data=\"2026-04-07\"><span class=\"cem-numero-dia\">7<\/span><div class=\"cem-eventos-dia\"><\/div><\/div><div class=\"cem-dia\" data-data=\"2026-04-08\"><span class=\"cem-numero-dia\">8<\/span><div class=\"cem-eventos-dia\"><\/div><\/div><div class=\"cem-dia\" data-data=\"2026-04-09\"><span class=\"cem-numero-dia\">9<\/span><div class=\"cem-eventos-dia\"><\/div><\/div><div class=\"cem-dia\" data-data=\"2026-04-10\"><span class=\"cem-numero-dia\">10<\/span><div class=\"cem-eventos-dia\"><\/div><\/div><div class=\"cem-dia\" data-data=\"2026-04-11\"><span class=\"cem-numero-dia\">11<\/span><div class=\"cem-eventos-dia\"><\/div><\/div><div class=\"cem-dia\" data-data=\"2026-04-12\"><span class=\"cem-numero-dia\">12<\/span><div class=\"cem-eventos-dia\"><\/div><\/div><div class=\"cem-dia\" data-data=\"2026-04-13\"><span class=\"cem-numero-dia\">13<\/span><div class=\"cem-eventos-dia\"><\/div><\/div><div class=\"cem-dia\" data-data=\"2026-04-14\"><span class=\"cem-numero-dia\">14<\/span><div class=\"cem-eventos-dia\"><\/div><\/div><div class=\"cem-dia\" data-data=\"2026-04-15\"><span class=\"cem-numero-dia\">15<\/span><div class=\"cem-eventos-dia\"><\/div><\/div><div class=\"cem-dia\" data-data=\"2026-04-16\"><span class=\"cem-numero-dia\">16<\/span><div class=\"cem-eventos-dia\"><\/div><\/div><div class=\"cem-dia\" data-data=\"2026-04-17\"><span class=\"cem-numero-dia\">17<\/span><div class=\"cem-eventos-dia\"><\/div><\/div><div class=\"cem-dia\" data-data=\"2026-04-18\"><span class=\"cem-numero-dia\">18<\/span><div class=\"cem-eventos-dia\"><\/div><\/div><div class=\"cem-dia\" data-data=\"2026-04-19\"><span class=\"cem-numero-dia\">19<\/span><div class=\"cem-eventos-dia\"><\/div><\/div><div class=\"cem-dia\" data-data=\"2026-04-20\"><span class=\"cem-numero-dia\">20<\/span><div class=\"cem-eventos-dia\"><\/div><\/div><div class=\"cem-dia\" data-data=\"2026-04-21\"><span class=\"cem-numero-dia\">21<\/span><div class=\"cem-eventos-dia\"><\/div><\/div><div class=\"cem-dia\" data-data=\"2026-04-22\"><span class=\"cem-numero-dia\">22<\/span><div class=\"cem-eventos-dia\"><\/div><\/div><div class=\"cem-dia\" data-data=\"2026-04-23\"><span class=\"cem-numero-dia\">23<\/span><div class=\"cem-eventos-dia\"><\/div><\/div><div class=\"cem-dia\" data-data=\"2026-04-24\"><span class=\"cem-numero-dia\">24<\/span><div class=\"cem-eventos-dia\"><\/div><\/div><div class=\"cem-dia\" data-data=\"2026-04-25\"><span class=\"cem-numero-dia\">25<\/span><div class=\"cem-eventos-dia\"><\/div><\/div><div class=\"cem-dia\" data-data=\"2026-04-26\"><span class=\"cem-numero-dia\">26<\/span><div class=\"cem-eventos-dia\"><\/div><\/div><div class=\"cem-dia\" data-data=\"2026-04-27\"><span class=\"cem-numero-dia\">27<\/span><div class=\"cem-eventos-dia\"><\/div><\/div><div class=\"cem-dia\" data-data=\"2026-04-28\"><span class=\"cem-numero-dia\">28<\/span><div class=\"cem-eventos-dia\"><\/div><\/div><div class=\"cem-dia\" data-data=\"2026-04-29\"><span class=\"cem-numero-dia\">29<\/span><div class=\"cem-eventos-dia\"><\/div><\/div><div class=\"cem-dia cem-hoje\" data-data=\"2026-04-30\"><span class=\"cem-numero-dia\">30<\/span><div class=\"cem-eventos-dia\"><\/div><\/div><div class=\"cem-dia cem-dia-vazio\"><\/div><div class=\"cem-dia cem-dia-vazio\"><\/div>        <\/div>\n    <\/div>\n    \n    <!-- Modal de detalhes do evento -->\n    <div id=\"cem-modal\" class=\"cem-modal\">\n        <div class=\"cem-modal-content\">\n            <span class=\"cem-modal-close\">&times;<\/span>\n            <div class=\"cem-modal-body\">\n                <h3 id=\"cem-modal-titulo\"><\/h3>\n                <div id=\"cem-modal-descricao\"><\/div>\n                <div class=\"cem-modal-info\">\n                    <p><strong>Data:<\/strong> <span id=\"cem-modal-data\"><\/span><\/p>\n                    <p><strong>Hor\u00e1rio:<\/strong> <span id=\"cem-modal-horario\"><\/span><\/p>\n                    <p><strong>Local:<\/strong> <span id=\"cem-modal-local\"><\/span><\/p>\n                <\/div>\n            <\/div>\n        <\/div>\n    <\/div>\n<\/div> <\/div>\n\t\t\t\t\t\t<\/div>\n\t\t\t\t<\/div>\n\t\t\t\t\t<\/div>\n\t\t\t\t<\/div>\n\t\t\t\t<\/div>\n\t\t","protected":false},"excerpt":{"rendered":"","protected":false},"author":1,"featured_media":0,"parent":0,"menu_order":0,"comment_status":"closed","ping_status":"closed","template":"elementor_header_footer","meta":{"_themeisle_gutenberg_block_has_review":false,"footnotes":""},"class_list":["post-14537","page","type-page","status-publish","hentry"],"yoast_head":"<!-- This site is optimized with the Yoast SEO plugin v27.4 - https:\/\/yoast.com\/product\/yoast-seo-wordpress\/ -->\n<title>Eventos - Rede Litoral RS<\/title>\n<meta name=\"robots\" content=\"index, follow, max-snippet:-1, max-image-preview:large, max-video-preview:-1\" \/>\n<link rel=\"canonical\" href=\"https:\/\/redelitoralrs.com\/index.php\/eventos\/\" \/>\n<meta property=\"og:locale\" content=\"pt_BR\" \/>\n<meta property=\"og:type\" content=\"article\" \/>\n<meta property=\"og:title\" content=\"Eventos - Rede Litoral RS\" \/>\n<meta property=\"og:url\" content=\"https:\/\/redelitoralrs.com\/index.php\/eventos\/\" \/>\n<meta property=\"og:site_name\" content=\"Rede Litoral RS\" \/>\n<meta property=\"article:publisher\" content=\"https:\/\/www.facebook.com\/tvlitoralrsoficial\" \/>\n<meta property=\"article:modified_time\" content=\"2025-08-05T20:49:17+00:00\" \/>\n<meta name=\"twitter:card\" content=\"summary_large_image\" \/>\n<script type=\"application\/ld+json\" class=\"yoast-schema-graph\">{\"@context\":\"https:\\\/\\\/schema.org\",\"@graph\":[{\"@type\":\"WebPage\",\"@id\":\"https:\\\/\\\/redelitoralrs.com\\\/index.php\\\/eventos\\\/\",\"url\":\"https:\\\/\\\/redelitoralrs.com\\\/index.php\\\/eventos\\\/\",\"name\":\"Eventos - Rede Litoral RS\",\"isPartOf\":{\"@id\":\"https:\\\/\\\/redelitoralrs.com\\\/#website\"},\"datePublished\":\"2025-08-05T20:49:12+00:00\",\"dateModified\":\"2025-08-05T20:49:17+00:00\",\"breadcrumb\":{\"@id\":\"https:\\\/\\\/redelitoralrs.com\\\/index.php\\\/eventos\\\/#breadcrumb\"},\"inLanguage\":\"pt-BR\",\"potentialAction\":[{\"@type\":\"ReadAction\",\"target\":[\"https:\\\/\\\/redelitoralrs.com\\\/index.php\\\/eventos\\\/\"]}]},{\"@type\":\"BreadcrumbList\",\"@id\":\"https:\\\/\\\/redelitoralrs.com\\\/index.php\\\/eventos\\\/#breadcrumb\",\"itemListElement\":[{\"@type\":\"ListItem\",\"position\":1,\"name\":\"In\u00edcio\",\"item\":\"https:\\\/\\\/redelitoralrs.com\\\/\"},{\"@type\":\"ListItem\",\"position\":2,\"name\":\"Eventos\"}]},{\"@type\":\"WebSite\",\"@id\":\"https:\\\/\\\/redelitoralrs.com\\\/#website\",\"url\":\"https:\\\/\\\/redelitoralrs.com\\\/\",\"name\":\"TV Litoral\",\"description\":\"Acompanhe tudo do litoral ga\u00facho com a cobertura completa e atualizada da Rede Litoral RS. Nossos jornalistas trazem as \u00faltimas not\u00edcias, os acontecimentos mais quentes e as hist\u00f3rias que importam sobre nosso amado litoral.\",\"publisher\":{\"@id\":\"https:\\\/\\\/redelitoralrs.com\\\/#organization\"},\"potentialAction\":[{\"@type\":\"SearchAction\",\"target\":{\"@type\":\"EntryPoint\",\"urlTemplate\":\"https:\\\/\\\/redelitoralrs.com\\\/?s={search_term_string}\"},\"query-input\":{\"@type\":\"PropertyValueSpecification\",\"valueRequired\":true,\"valueName\":\"search_term_string\"}}],\"inLanguage\":\"pt-BR\"},{\"@type\":\"Organization\",\"@id\":\"https:\\\/\\\/redelitoralrs.com\\\/#organization\",\"name\":\"TV Litoral\",\"url\":\"https:\\\/\\\/redelitoralrs.com\\\/\",\"logo\":{\"@type\":\"ImageObject\",\"inLanguage\":\"pt-BR\",\"@id\":\"https:\\\/\\\/redelitoralrs.com\\\/#\\\/schema\\\/logo\\\/image\\\/\",\"url\":\"https:\\\/\\\/redelitoralrs.com\\\/wp-content\\\/uploads\\\/2024\\\/01\\\/faviconicon-1-1.png\",\"contentUrl\":\"https:\\\/\\\/redelitoralrs.com\\\/wp-content\\\/uploads\\\/2024\\\/01\\\/faviconicon-1-1.png\",\"width\":454,\"height\":454,\"caption\":\"TV Litoral\"},\"image\":{\"@id\":\"https:\\\/\\\/redelitoralrs.com\\\/#\\\/schema\\\/logo\\\/image\\\/\"},\"sameAs\":[\"https:\\\/\\\/www.facebook.com\\\/tvlitoralrsoficial\",\"https:\\\/\\\/www.instagram.com\\\/tvlitoral.rs\"]}]}<\/script>\n<!-- \/ Yoast SEO plugin. -->","yoast_head_json":{"title":"Eventos - Rede Litoral RS","robots":{"index":"index","follow":"follow","max-snippet":"max-snippet:-1","max-image-preview":"max-image-preview:large","max-video-preview":"max-video-preview:-1"},"canonical":"https:\/\/redelitoralrs.com\/index.php\/eventos\/","og_locale":"pt_BR","og_type":"article","og_title":"Eventos - Rede Litoral RS","og_url":"https:\/\/redelitoralrs.com\/index.php\/eventos\/","og_site_name":"Rede Litoral RS","article_publisher":"https:\/\/www.facebook.com\/tvlitoralrsoficial","article_modified_time":"2025-08-05T20:49:17+00:00","twitter_card":"summary_large_image","schema":{"@context":"https:\/\/schema.org","@graph":[{"@type":"WebPage","@id":"https:\/\/redelitoralrs.com\/index.php\/eventos\/","url":"https:\/\/redelitoralrs.com\/index.php\/eventos\/","name":"Eventos - Rede Litoral RS","isPartOf":{"@id":"https:\/\/redelitoralrs.com\/#website"},"datePublished":"2025-08-05T20:49:12+00:00","dateModified":"2025-08-05T20:49:17+00:00","breadcrumb":{"@id":"https:\/\/redelitoralrs.com\/index.php\/eventos\/#breadcrumb"},"inLanguage":"pt-BR","potentialAction":[{"@type":"ReadAction","target":["https:\/\/redelitoralrs.com\/index.php\/eventos\/"]}]},{"@type":"BreadcrumbList","@id":"https:\/\/redelitoralrs.com\/index.php\/eventos\/#breadcrumb","itemListElement":[{"@type":"ListItem","position":1,"name":"In\u00edcio","item":"https:\/\/redelitoralrs.com\/"},{"@type":"ListItem","position":2,"name":"Eventos"}]},{"@type":"WebSite","@id":"https:\/\/redelitoralrs.com\/#website","url":"https:\/\/redelitoralrs.com\/","name":"TV Litoral","description":"Acompanhe tudo do litoral ga\u00facho com a cobertura completa e atualizada da Rede Litoral RS. Nossos jornalistas trazem as \u00faltimas not\u00edcias, os acontecimentos mais quentes e as hist\u00f3rias que importam sobre nosso amado litoral.","publisher":{"@id":"https:\/\/redelitoralrs.com\/#organization"},"potentialAction":[{"@type":"SearchAction","target":{"@type":"EntryPoint","urlTemplate":"https:\/\/redelitoralrs.com\/?s={search_term_string}"},"query-input":{"@type":"PropertyValueSpecification","valueRequired":true,"valueName":"search_term_string"}}],"inLanguage":"pt-BR"},{"@type":"Organization","@id":"https:\/\/redelitoralrs.com\/#organization","name":"TV Litoral","url":"https:\/\/redelitoralrs.com\/","logo":{"@type":"ImageObject","inLanguage":"pt-BR","@id":"https:\/\/redelitoralrs.com\/#\/schema\/logo\/image\/","url":"https:\/\/redelitoralrs.com\/wp-content\/uploads\/2024\/01\/faviconicon-1-1.png","contentUrl":"https:\/\/redelitoralrs.com\/wp-content\/uploads\/2024\/01\/faviconicon-1-1.png","width":454,"height":454,"caption":"TV Litoral"},"image":{"@id":"https:\/\/redelitoralrs.com\/#\/schema\/logo\/image\/"},"sameAs":["https:\/\/www.facebook.com\/tvlitoralrsoficial","https:\/\/www.instagram.com\/tvlitoral.rs"]}]}},"_links":{"self":[{"href":"https:\/\/redelitoralrs.com\/index.php\/wp-json\/wp\/v2\/pages\/14537","targetHints":{"allow":["GET"]}}],"collection":[{"href":"https:\/\/redelitoralrs.com\/index.php\/wp-json\/wp\/v2\/pages"}],"about":[{"href":"https:\/\/redelitoralrs.com\/index.php\/wp-json\/wp\/v2\/types\/page"}],"author":[{"embeddable":true,"href":"https:\/\/redelitoralrs.com\/index.php\/wp-json\/wp\/v2\/users\/1"}],"replies":[{"embeddable":true,"href":"https:\/\/redelitoralrs.com\/index.php\/wp-json\/wp\/v2\/comments?post=14537"}],"version-history":[{"count":4,"href":"https:\/\/redelitoralrs.com\/index.php\/wp-json\/wp\/v2\/pages\/14537\/revisions"}],"predecessor-version":[{"id":14541,"href":"https:\/\/redelitoralrs.com\/index.php\/wp-json\/wp\/v2\/pages\/14537\/revisions\/14541"}],"wp:attachment":[{"href":"https:\/\/redelitoralrs.com\/index.php\/wp-json\/wp\/v2\/media?parent=14537"}],"curies":[{"name":"wp","href":"https:\/\/api.w.org\/{rel}","templated":true}]}}